{"id":8629,"date":"2026-03-28T13:34:17","date_gmt":"2026-03-28T13:34:17","guid":{"rendered":"https:\/\/aureliagraphics.com\/?page_id=8629"},"modified":"2026-04-10T08:38:31","modified_gmt":"2026-04-10T08:38:31","slug":"modelli-macchine-aurelia","status":"publish","type":"page","link":"https:\/\/aureliagraphics.com\/it\/modelli-macchine-aurelia\/","title":{"rendered":"Modelli di macchine Aurelia per stampa offset"},"content":{"rendered":"<div class=\"wpb-content-wrapper\"><p>[vc_row css_animation=&#8221;&#8221; row_type=&#8221;row&#8221; use_row_as_full_screen_section=&#8221;yes&#8221; type=&#8221;grid&#8221; angled_section=&#8221;no&#8221; text_align=&#8221;center&#8221; background_image_as_pattern=&#8221;without_pattern&#8221; z_index=&#8221;&#8221; background_image=&#8221;8709&#8243;][vc_column][vc_empty_space height=&#8221;200px&#8221;][vc_column_text css=&#8221;&#8221;]<\/p>\n<h1 style=\"text-align: center;\"><span style=\"color: #ffffff;\">Modelli di macchine Aurelia per stampa offset<\/span><\/h1>\n<p>[\/vc_column_text][vc_empty_space height=&#8221;150px&#8221;][\/vc_column][\/vc_row][vc_row css_animation=&#8221;&#8221; row_type=&#8221;row&#8221; use_row_as_full_screen_section=&#8221;no&#8221; type=&#8221;grid&#8221; angled_section=&#8221;no&#8221; text_align=&#8221;center&#8221; background_image_as_pattern=&#8221;without_pattern&#8221; z_index=&#8221;&#8221; padding_top=&#8221;70&#8243; padding_bottom=&#8221;70&#8243;][vc_column][vc_column_text css=&#8221;&#8221;]<\/p>\n<p style=\"text-align: center; line-height: 1.6;\"><span style=\"color: #000000;\"><span style=\"font-size: 20px;\"><strong>Aurelia Graphics<\/strong> opera su <strong>tutti i modelli di macchine da stampa offset Aurelia \/ OMSCA<\/strong>, offrendo supporto specializzato in base al modello e alla tipologia di esigenza. Per ogni macchina \u00e8 possibile richiedere <strong>assistenza tecnica<\/strong>, <strong>revisione<\/strong> e <strong>fornitura di ricambi<\/strong>, con un approccio orientato alla corretta gestione della macchina e alla continuit\u00e0 operativa. <\/span><\/span><\/p>\n<p>[\/vc_column_text][\/vc_column][\/vc_row][vc_row css_animation=&#8221;&#8221; row_type=&#8221;row&#8221; use_row_as_full_screen_section=&#8221;no&#8221; type=&#8221;full_width&#8221; angled_section=&#8221;no&#8221; text_align=&#8221;center&#8221; background_image_as_pattern=&#8221;without_pattern&#8221; z_index=&#8221;&#8221; padding_bottom=&#8221;70&#8243;][vc_column][vc_empty_space height=&#8221;70px&#8221;][vc_column_text css=&#8221;.vc_custom_1774705629153{padding-right: 30px !important;padding-left: 30px !important;}&#8221;]<\/p>\n<h2 style=\"text-align: center;\"><strong>Modelli Aurelia trattati<\/strong><\/h2>\n<p>[\/vc_column_text][vc_empty_space height=&#8221;10px&#8221;][vc_column_text css=&#8221;.vc_custom_1774705650183{padding-right: 30px !important;padding-left: 30px !important;}&#8221;]<\/p>\n<p style=\"text-align: center;\">L\u2019attivit\u00e0 di <strong>Aurelia Graphics<\/strong> riguarda <strong>tutti i modelli Aurelia \/ OMSCA<\/strong>, con supporto dedicato<br \/>\nsu <strong>ricambi<\/strong>,<strong>assistenza<\/strong> e <strong>revisione<\/strong>. In questa pagina sono richiamati alcuni dei modelli pi\u00f9 diffusi e pi\u00f9 ricorrenti nelle richieste.<\/p>\n<p>[\/vc_column_text][vc_empty_space height=&#8221;50px&#8221;][vc_row_inner row_type=&#8221;row&#8221; type=&#8221;full_width&#8221; text_align=&#8221;center&#8221; css_animation=&#8221;&#8221;][vc_column_inner width=&#8221;1\/5&#8243; css=&#8221;.vc_custom_1774706054482{padding-right: 30px !important;padding-left: 30px !important;}&#8221;]<div class=\"q_image_with_text_over\"><div class=\"shader\" ><\/div><img decoding=\"async\" itemprop=\"image\" src=\"https:\/\/aureliagraphics.com\/wp-content\/uploads\/2026\/04\/ricambi-aurelia-offset.jpg\" alt=\"\" \/><div class=\"text\"><table><tr><td><h3 class=\"caption no_icon\" style=\"color: #FFFFFF;\">Ricambi<\/h3><\/td><\/tr><\/table><table><tr><td><div class=\"desc\"><\/p>\n<p style=\"text-align: center; line-height: 1.4;\">Ricambi per <strong data-start=\"12\" data-end=\"49\">macchine da stampa offset Aurelia<\/strong>, dedicati alla sostituzione di componenti e al ripristino della corretta funzionalit\u00e0 della macchina. Soluzioni per il mondo delle <strong data-start=\"181\" data-end=\"214\">macchine tipografiche Aurelia<\/strong>.<\/p>\n<p><\/div><\/td><\/tr><\/table><\/div><\/div>[vc_empty_space height=&#8221;30px&#8221;][\/vc_column_inner][vc_column_inner width=&#8221;1\/5&#8243; css=&#8221;.vc_custom_1774706121878{padding-right: 30px !important;padding-left: 30px !important;}&#8221;]<div class=\"q_image_with_text_over\"><div class=\"shader\" ><\/div><img decoding=\"async\" itemprop=\"image\" src=\"https:\/\/aureliagraphics.com\/wp-content\/uploads\/2026\/04\/aurelia-acs2.jpg\" alt=\"\" \/><div class=\"text\"><table><tr><td><h3 class=\"caption no_icon\" style=\"color: #FFFFFF;\">ACS<\/h3><\/td><\/tr><\/table><table><tr><td><div class=\"desc\"><\/p>\n<p style=\"text-align: center; line-height: 1.4;\"><strong data-start=\"0\" data-end=\"7\" data-is-only-node=\"\"><span style=\"font-size: 15px;\">ACS<\/span><\/strong><span style=\"font-size: 15px;\"> \u00e8 un sistema di <strong data-start=\"24\" data-end=\"58\">automazione e controllo stampa<\/strong> sviluppato per le macchine Aurelia, pensato per gestire e monitorare le principali funzioni operative. Serve a migliorare il controllo del processo di stampa e rendere pi\u00f9 efficiente la gestione delle regolazioni.<\/span><\/p>\n<p><\/div><\/td><\/tr><\/table><\/div><\/div>[vc_empty_space height=&#8221;30px&#8221;][\/vc_column_inner][vc_column_inner width=&#8221;1\/5&#8243; css=&#8221;.vc_custom_1774706096514{padding-right: 30px !important;padding-left: 30px !important;}&#8221;]<div class=\"q_image_with_text_over\"><div class=\"shader\" ><\/div><img decoding=\"async\" itemprop=\"image\" src=\"https:\/\/aureliagraphics.com\/wp-content\/uploads\/2026\/03\/aurelia-520.jpg\" alt=\"\" \/><div class=\"text\"><table><tr><td><h3 class=\"caption no_icon\" style=\"color: #FFFFFF;\">Aurelia 520<\/h3><\/td><\/tr><\/table><table><tr><td><div class=\"desc\"><\/p>\n<p style=\"text-align: center; line-height: 1.4;\"><span style=\"font-size: 15px;\">Macchina offset a foglio con formato massimo <strong data-start=\"480\" data-end=\"496\">520 \u00d7 740 mm<\/strong>, adatta a lavorazioni di medio formato. Configurazioni a <strong data-start=\"574\" data-end=\"596\">2 colori in bianca<\/strong>, utilizzate per produzioni commerciali affidabili e continue.<\/span><\/p>\n<p><\/div><\/td><\/tr><\/table><\/div><\/div>[vc_empty_space height=&#8221;30px&#8221;][\/vc_column_inner][vc_column_inner width=&#8221;1\/5&#8243; css=&#8221;.vc_custom_1774706105014{padding-right: 30px !important;padding-left: 30px !important;}&#8221;]<div class=\"q_image_with_text_over\"><div class=\"shader\" ><\/div><img decoding=\"async\" itemprop=\"image\" src=\"https:\/\/aureliagraphics.com\/wp-content\/uploads\/2026\/04\/aurelia-700-offset-def.jpeg\" alt=\"\" \/><div class=\"text\"><table><tr><td><h3 class=\"caption no_icon\" style=\"color: #FFFFFF;\">Aurelia 700<\/h3><\/td><\/tr><\/table><table><tr><td><div class=\"desc\"><\/p>\n<p style=\"text-align: center; line-height: 1.4;\"><span style=\"font-size: 15px;\">Macchina da stampa offset di grande formato, disponibile con formato foglio <strong data-start=\"142\" data-end=\"157\" data-is-only-node=\"\">72 \u00d7 102 cm<\/strong> oppure <strong data-start=\"165\" data-end=\"180\">70 \u00d7 100 cm<\/strong> a seconda della configurazione. Pu\u00f2 essere allestita a <strong data-start=\"236\" data-end=\"258\">2 colori in bianca<\/strong> oppure <strong data-start=\"266\" data-end=\"288\">4 colori in bianca<\/strong>, per lavorazioni tipografiche professionali di alta affidabilit\u00e0.<\/span><\/p>\n<p><\/div><\/td><\/tr><\/table><\/div><\/div>[vc_empty_space height=&#8221;30px&#8221;][\/vc_column_inner][vc_column_inner width=&#8221;1\/5&#8243; css=&#8221;.vc_custom_1774706113153{padding-right: 30px !important;padding-left: 30px !important;}&#8221;]<div class=\"q_image_with_text_over\"><div class=\"shader\" ><\/div><img decoding=\"async\" itemprop=\"image\" src=\"https:\/\/aureliagraphics.com\/wp-content\/uploads\/2026\/03\/aurelia-720.jpg\" alt=\"\" \/><div class=\"text\"><table><tr><td><h3 class=\"caption no_icon\" style=\"color: #FFFFFF;\">Aurelia 720<\/h3><\/td><\/tr><\/table><table><tr><td><div class=\"desc\"><\/p>\n<p style=\"text-align: center; line-height: 1.4;\"><span style=\"font-size: 15px;\">Macchina offset a foglio in formato <strong data-start=\"54\" data-end=\"69\">70 \u00d7 100 cm<\/strong>, progettata per lavorazioni tipografiche professionali di medio-grande tiratura. Disponibile in configurazione <strong data-start=\"181\" data-end=\"203\">4 colori in bianca<\/strong>, \u00e8 adatta a produzioni che richiedono precisione, continuit\u00e0 e qualit\u00e0 di stampa.<\/span><\/p>\n<p><\/div><\/td><\/tr><\/table><\/div><\/div>[vc_empty_space height=&#8221;30px&#8221;][\/vc_column_inner][\/vc_row_inner][vc_empty_space height=&#8221;70px&#8221;][\/vc_column][\/vc_row][vc_row css_animation=&#8221;&#8221; row_type=&#8221;row&#8221; use_row_as_full_screen_section=&#8221;no&#8221; type=&#8221;grid&#8221; angled_section=&#8221;no&#8221; text_align=&#8221;left&#8221; background_image_as_pattern=&#8221;without_pattern&#8221; z_index=&#8221;&#8221;][vc_column width=&#8221;1\/2&#8243;][vc_column_text css=&#8221;.vc_custom_1774707012008{border-left-width: 4px !important;padding-left: 56px !important;border-left-style: solid !important;border-color: #3660C1 !important;}&#8221;]<\/p>\n<h3 style=\"line-height: 35px;\"><strong>Supporto su tutti i modelli Aurelia<\/strong><\/h3>\n<p>[\/vc_column_text][qode_elements_holder number_of_columns=&#8221;one_column&#8221;][qode_elements_holder_item advanced_animations=&#8221;no&#8221; item_padding=&#8221;12px 152px 0 63px&#8221; item_padding_1024_1280=&#8221;12px 51px 0 63px&#8221; item_padding_768_1024=&#8221;12px 0px 0 63px&#8221; item_padding_480=&#8221;12px 0px 0 63px&#8221;][vc_empty_space height=&#8221;24px&#8221;][vc_column_text css=&#8221;&#8221;]<strong>Aurelia Graphics<\/strong> offre <strong>assistenza tecnica (link)<\/strong>, <strong>revisione macchine Aurelia (link)<\/strong> e <strong>ricambi macchine Aurelia (link)<\/strong> su <strong>tutti i modelli Aurelia \/ OMSCA<\/strong>, con un supporto gestito in base alla macchina, al tipo di problema e alla specifica esigenza tecnica. Tra i modelli pi\u00f9 ricorrenti nelle richieste e nella documentazione tecnica rientrano <strong>Aurelia 500<\/strong>, <strong>Aurelia 520<\/strong>, <strong>Aurelia 700<\/strong>, <strong>Aurelia 720<\/strong> e <strong>ACS<\/strong>, ma l\u2019attivit\u00e0 non si limita esclusivamente a questi.[\/vc_column_text][vc_empty_space height=&#8221;72px&#8221;][\/qode_elements_holder_item][\/qode_elements_holder][vc_empty_space height=&#8221;50px&#8221;][\/vc_column][vc_column width=&#8221;1\/2&#8243;][vc_column_text css=&#8221;.vc_custom_1774707045541{border-left-width: 4px !important;padding-left: 56px !important;border-left-style: solid !important;border-color: #3660C1 !important;}&#8221;]<\/p>\n<h3 style=\"line-height: 35px;\"><strong>Un supporto dedicato per ogni modello<\/strong><\/h3>\n<p>[\/vc_column_text][qode_elements_holder number_of_columns=&#8221;one_column&#8221;][qode_elements_holder_item advanced_animations=&#8221;no&#8221; item_padding=&#8221;12px 152px 0 63px&#8221; item_padding_1024_1280=&#8221;12px 51px 0 63px&#8221; item_padding_768_1024=&#8221;12px 0px 0 63px&#8221; item_padding_480=&#8221;12px 0px 0 63px&#8221;][vc_empty_space height=&#8221;24px&#8221;][vc_column_text css=&#8221;&#8221;]Per ogni modello <strong>Aurelia<\/strong>, <strong>Aurelia Graphics<\/strong> valuta la richiesta in base alla macchina, al tipo di esigenza e alla natura dell\u2019intervento necessario. Questo consente di offrire un supporto pi\u00f9 preciso sia quando serve <strong>assistenza<\/strong>, sia quando \u00e8 necessario intervenire con <strong>revisione<\/strong> o identificare il <strong>ricambio corretto<\/strong>.[\/vc_column_text][vc_empty_space height=&#8221;72px&#8221;][\/qode_elements_holder_item][\/qode_elements_holder][vc_empty_space height=&#8221;50px&#8221;][\/vc_column][\/vc_row][vc_row css_animation=&#8221;&#8221; row_type=&#8221;row&#8221; use_row_as_full_screen_section=&#8221;no&#8221; type=&#8221;full_width&#8221; angled_section=&#8221;no&#8221; text_align=&#8221;left&#8221; background_image_as_pattern=&#8221;without_pattern&#8221; z_index=&#8221;&#8221;][vc_column][vc_empty_space height=&#8221;70px&#8221;]<div class=\"call_to_action normal\" style=\"background-color: #D91B78;\"><div class=\"container_inner\"><div class=\"two_columns_75_25 clearfix\"><div class=\"text_wrapper column1\"><div class=\"call_to_action_text \" style=\"\">Se desideri richiedere informazioni su uno specifico modello <strong>Aurelia<\/strong> o hai bisogno di supporto per una <strong>macchina da stampa offset Aurelia<\/strong>, puoi contattare <strong>Aurelia Graphics<\/strong> indicando il modello della macchina e il tipo di esigenza.<\/div><\/div><div class=\"button_wrapper column2\"><a itemprop=\"url\" href=\"https:\/\/aureliagraphics.com\/it\/contatti\" class=\"qbutton white big_large\" target=\"_self\" style=\"\" >CONTATTACI<\/a><\/div><\/div><\/div><\/div>[\/vc_column][\/vc_row]<\/p>\n<\/div>","protected":false},"excerpt":{"rendered":"<p>[vc_row css_animation=&#8221;&#8221; row_type=&#8221;row&#8221; use_row_as_full_screen_section=&#8221;yes&#8221; type=&#8221;grid&#8221; angled_section=&#8221;no&#8221; text_align=&#8221;center&#8221; background_image_as_pattern=&#8221;without_pattern&#8221; z_index=&#8221;&#8221; background_image=&#8221;8709&#8243;][vc_column][vc_empty_space height=&#8221;200px&#8221;][vc_column_text css=&#8221;&#8221;] Modelli di macchine Aurelia per stampa offset [\/vc_column_text][vc_empty_space height=&#8221;150px&#8221;][\/vc_column][\/vc_row][vc_row css_animation=&#8221;&#8221; row_type=&#8221;row&#8221; use_row_as_full_screen_section=&#8221;no&#8221; type=&#8221;grid&#8221; angled_section=&#8221;no&#8221; text_align=&#8221;center&#8221; background_image_as_pattern=&#8221;without_pattern&#8221; z_index=&#8221;&#8221; padding_top=&#8221;70&#8243; padding_bottom=&#8221;70&#8243;][vc_column][vc_column_text css=&#8221;&#8221;] Aurelia Graphics opera su tutti i modelli di macchine da stampa offset Aurelia&#8230;<\/p>\n","protected":false},"author":1,"featured_media":0,"parent":0,"menu_order":0,"comment_status":"closed","ping_status":"closed","template":"full_width.php","meta":{"footnotes":""},"class_list":["post-8629","page","type-page","status-publish","hentry"],"yoast_head":"<!-- This site is optimized with the Yoast SEO plugin v27.5 - https:\/\/yoast.com\/product\/yoast-seo-wordpress\/ -->\n<title>Modelli macchine Aurelia per stampa offset | Aurelia Graphics<\/title>\n<meta name=\"description\" content=\"Supporto su tutti i modelli di macchine Aurelia \/ OMSCA, con assistenza tecnica, revisione e ricambi per stampa offset.\" \/>\n<meta name=\"robots\" content=\"index, follow, max-snippet:-1, max-image-preview:large, max-video-preview:-1\" \/>\n<link rel=\"canonical\" href=\"https:\/\/aureliagraphics.com\/it\/modelli-macchine-aurelia\/\" \/>\n<meta property=\"og:locale\" content=\"it_IT\" \/>\n<meta property=\"og:type\" content=\"article\" \/>\n<meta property=\"og:title\" content=\"Modelli macchine Aurelia per stampa offset | Aurelia Graphics\" \/>\n<meta property=\"og:description\" content=\"Supporto su tutti i modelli di macchine Aurelia \/ OMSCA, con assistenza tecnica, revisione e ricambi per stampa offset.\" \/>\n<meta property=\"og:url\" content=\"https:\/\/aureliagraphics.com\/it\/modelli-macchine-aurelia\/\" \/>\n<meta property=\"og:site_name\" content=\"Aurelia Graphics\" \/>\n<meta property=\"article:modified_time\" content=\"2026-04-10T08:38:31+00:00\" \/>\n<meta name=\"twitter:card\" content=\"summary_large_image\" \/>\n<meta name=\"twitter:label1\" content=\"Tempo di lettura stimato\" \/>\n\t<meta name=\"twitter:data1\" content=\"5 minuti\" \/>\n<script type=\"application\/ld+json\" class=\"yoast-schema-graph\">{\"@context\":\"https:\\\/\\\/schema.org\",\"@graph\":[{\"@type\":\"WebPage\",\"@id\":\"https:\\\/\\\/aureliagraphics.com\\\/it\\\/modelli-macchine-aurelia\\\/\",\"url\":\"https:\\\/\\\/aureliagraphics.com\\\/it\\\/modelli-macchine-aurelia\\\/\",\"name\":\"Modelli macchine Aurelia per stampa offset | Aurelia Graphics\",\"isPartOf\":{\"@id\":\"https:\\\/\\\/aureliagraphics.com\\\/it\\\/#website\"},\"datePublished\":\"2026-03-28T13:34:17+00:00\",\"dateModified\":\"2026-04-10T08:38:31+00:00\",\"description\":\"Supporto su tutti i modelli di macchine Aurelia \\\/ OMSCA, con assistenza tecnica, revisione e ricambi per stampa offset.\",\"breadcrumb\":{\"@id\":\"https:\\\/\\\/aureliagraphics.com\\\/it\\\/modelli-macchine-aurelia\\\/#breadcrumb\"},\"inLanguage\":\"it-IT\",\"potentialAction\":[{\"@type\":\"ReadAction\",\"target\":[\"https:\\\/\\\/aureliagraphics.com\\\/it\\\/modelli-macchine-aurelia\\\/\"]}]},{\"@type\":\"BreadcrumbList\",\"@id\":\"https:\\\/\\\/aureliagraphics.com\\\/it\\\/modelli-macchine-aurelia\\\/#breadcrumb\",\"itemListElement\":[{\"@type\":\"ListItem\",\"position\":1,\"name\":\"Home\",\"item\":\"https:\\\/\\\/aureliagraphics.com\\\/it\\\/\"},{\"@type\":\"ListItem\",\"position\":2,\"name\":\"Modelli di macchine Aurelia per stampa offset\"}]},{\"@type\":\"WebSite\",\"@id\":\"https:\\\/\\\/aureliagraphics.com\\\/it\\\/#website\",\"url\":\"https:\\\/\\\/aureliagraphics.com\\\/it\\\/\",\"name\":\"Aurelia Graphics\",\"description\":\"Assistenza e ricambi macchine offset Aurelia\",\"publisher\":{\"@id\":\"https:\\\/\\\/aureliagraphics.com\\\/it\\\/#organization\"},\"potentialAction\":[{\"@type\":\"SearchAction\",\"target\":{\"@type\":\"EntryPoint\",\"urlTemplate\":\"https:\\\/\\\/aureliagraphics.com\\\/it\\\/?s={search_term_string}\"},\"query-input\":{\"@type\":\"PropertyValueSpecification\",\"valueRequired\":true,\"valueName\":\"search_term_string\"}}],\"inLanguage\":\"it-IT\"},{\"@type\":\"Organization\",\"@id\":\"https:\\\/\\\/aureliagraphics.com\\\/it\\\/#organization\",\"name\":\"Aurelia Graphics\",\"url\":\"https:\\\/\\\/aureliagraphics.com\\\/it\\\/\",\"logo\":{\"@type\":\"ImageObject\",\"inLanguage\":\"it-IT\",\"@id\":\"https:\\\/\\\/aureliagraphics.com\\\/it\\\/#\\\/schema\\\/logo\\\/image\\\/\",\"url\":\"https:\\\/\\\/aureliagraphics.com\\\/wp-content\\\/uploads\\\/2026\\\/03\\\/logo-aurelia-graphics.png\",\"contentUrl\":\"https:\\\/\\\/aureliagraphics.com\\\/wp-content\\\/uploads\\\/2026\\\/03\\\/logo-aurelia-graphics.png\",\"width\":800,\"height\":230,\"caption\":\"Aurelia Graphics\"},\"image\":{\"@id\":\"https:\\\/\\\/aureliagraphics.com\\\/it\\\/#\\\/schema\\\/logo\\\/image\\\/\"}}]}<\/script>\n<!-- \/ Yoast SEO plugin. -->","yoast_head_json":{"title":"Modelli macchine Aurelia per stampa offset | Aurelia Graphics","description":"Supporto su tutti i modelli di macchine Aurelia \/ OMSCA, con assistenza tecnica, revisione e ricambi per stampa offset.","robots":{"index":"index","follow":"follow","max-snippet":"max-snippet:-1","max-image-preview":"max-image-preview:large","max-video-preview":"max-video-preview:-1"},"canonical":"https:\/\/aureliagraphics.com\/it\/modelli-macchine-aurelia\/","og_locale":"it_IT","og_type":"article","og_title":"Modelli macchine Aurelia per stampa offset | Aurelia Graphics","og_description":"Supporto su tutti i modelli di macchine Aurelia \/ OMSCA, con assistenza tecnica, revisione e ricambi per stampa offset.","og_url":"https:\/\/aureliagraphics.com\/it\/modelli-macchine-aurelia\/","og_site_name":"Aurelia Graphics","article_modified_time":"2026-04-10T08:38:31+00:00","twitter_card":"summary_large_image","twitter_misc":{"Tempo di lettura stimato":"5 minuti"},"schema":{"@context":"https:\/\/schema.org","@graph":[{"@type":"WebPage","@id":"https:\/\/aureliagraphics.com\/it\/modelli-macchine-aurelia\/","url":"https:\/\/aureliagraphics.com\/it\/modelli-macchine-aurelia\/","name":"Modelli macchine Aurelia per stampa offset | Aurelia Graphics","isPartOf":{"@id":"https:\/\/aureliagraphics.com\/it\/#website"},"datePublished":"2026-03-28T13:34:17+00:00","dateModified":"2026-04-10T08:38:31+00:00","description":"Supporto su tutti i modelli di macchine Aurelia \/ OMSCA, con assistenza tecnica, revisione e ricambi per stampa offset.","breadcrumb":{"@id":"https:\/\/aureliagraphics.com\/it\/modelli-macchine-aurelia\/#breadcrumb"},"inLanguage":"it-IT","potentialAction":[{"@type":"ReadAction","target":["https:\/\/aureliagraphics.com\/it\/modelli-macchine-aurelia\/"]}]},{"@type":"BreadcrumbList","@id":"https:\/\/aureliagraphics.com\/it\/modelli-macchine-aurelia\/#breadcrumb","itemListElement":[{"@type":"ListItem","position":1,"name":"Home","item":"https:\/\/aureliagraphics.com\/it\/"},{"@type":"ListItem","position":2,"name":"Modelli di macchine Aurelia per stampa offset"}]},{"@type":"WebSite","@id":"https:\/\/aureliagraphics.com\/it\/#website","url":"https:\/\/aureliagraphics.com\/it\/","name":"Aurelia Graphics","description":"Assistenza e ricambi macchine offset Aurelia","publisher":{"@id":"https:\/\/aureliagraphics.com\/it\/#organization"},"potentialAction":[{"@type":"SearchAction","target":{"@type":"EntryPoint","urlTemplate":"https:\/\/aureliagraphics.com\/it\/?s={search_term_string}"},"query-input":{"@type":"PropertyValueSpecification","valueRequired":true,"valueName":"search_term_string"}}],"inLanguage":"it-IT"},{"@type":"Organization","@id":"https:\/\/aureliagraphics.com\/it\/#organization","name":"Aurelia Graphics","url":"https:\/\/aureliagraphics.com\/it\/","logo":{"@type":"ImageObject","inLanguage":"it-IT","@id":"https:\/\/aureliagraphics.com\/it\/#\/schema\/logo\/image\/","url":"https:\/\/aureliagraphics.com\/wp-content\/uploads\/2026\/03\/logo-aurelia-graphics.png","contentUrl":"https:\/\/aureliagraphics.com\/wp-content\/uploads\/2026\/03\/logo-aurelia-graphics.png","width":800,"height":230,"caption":"Aurelia Graphics"},"image":{"@id":"https:\/\/aureliagraphics.com\/it\/#\/schema\/logo\/image\/"}}]}},"_links":{"self":[{"href":"https:\/\/aureliagraphics.com\/it\/wp-json\/wp\/v2\/pages\/8629","targetHints":{"allow":["GET"]}}],"collection":[{"href":"https:\/\/aureliagraphics.com\/it\/wp-json\/wp\/v2\/pages"}],"about":[{"href":"https:\/\/aureliagraphics.com\/it\/wp-json\/wp\/v2\/types\/page"}],"author":[{"embeddable":true,"href":"https:\/\/aureliagraphics.com\/it\/wp-json\/wp\/v2\/users\/1"}],"replies":[{"embeddable":true,"href":"https:\/\/aureliagraphics.com\/it\/wp-json\/wp\/v2\/comments?post=8629"}],"version-history":[{"count":27,"href":"https:\/\/aureliagraphics.com\/it\/wp-json\/wp\/v2\/pages\/8629\/revisions"}],"predecessor-version":[{"id":8953,"href":"https:\/\/aureliagraphics.com\/it\/wp-json\/wp\/v2\/pages\/8629\/revisions\/8953"}],"wp:attachment":[{"href":"https:\/\/aureliagraphics.com\/it\/wp-json\/wp\/v2\/media?parent=8629"}],"curies":[{"name":"wp","href":"https:\/\/api.w.org\/{rel}","templated":true}]}}